{"id":280,"date":"2023-09-21T11:19:37","date_gmt":"2023-09-21T11:19:37","guid":{"rendered":"https:\/\/momentumdijitalmedya.com\/?page_id=280"},"modified":"2024-04-24T19:55:57","modified_gmt":"2024-04-24T19:55:57","slug":"iletisim","status":"publish","type":"page","link":"https:\/\/momentumdijitalmedya.com\/index.php\/iletisim\/","title":{"rendered":"\u0130leti\u015fim"},"content":{"rendered":"\t\t<div data-elementor-type=\"wp-page\" data-elementor-id=\"280\" class=\"elementor elementor-280\">\n\t\t\t\t\t\t\t\t\t<section class=\"elementor-section elementor-top-section elementor-element elementor-element-20c73972 elementor-section-boxed elementor-section-height-default elementor-section-height-default elementor-invisible\" data-id=\"20c73972\" data-element_type=\"section\" data-settings=\"{&quot;animation&quot;:&quot;fadeIn&quot;}\">\n\t\t\t\t\t\t<div class=\"elementor-container elementor-column-gap-default\">\n\t\t\t\t\t<div class=\"elementor-column elementor-col-50 elementor-top-column elementor-element elementor-element-6f66172d\" data-id=\"6f66172d\" data-element_type=\"column\">\n\t\t\t<div class=\"elementor-widget-wrap elementor-element-populated\">\n\t\t\t\t\t\t\t\t<div class=\"elementor-element elementor-element-382b98f0 elementor-invisible elementor-widget elementor-widget-heading\" data-id=\"382b98f0\" data-element_type=\"widget\" data-settings=\"{&quot;_animation&quot;:&quot;fadeInLeft&quot;}\" data-widget_type=\"heading.default\">\n\t\t\t\t<div class=\"elementor-widget-container\">\n\t\t\t<style>\/*! elementor - v3.18.0 - 20-12-2023 *\/\n.elementor-heading-title{padding:0;margin:0;line-height:1}.elementor-widget-heading .elementor-heading-title[class*=elementor-size-]>a{color:inherit;font-size:inherit;line-height:inherit}.elementor-widget-heading .elementor-heading-title.elementor-size-small{font-size:15px}.elementor-widget-heading .elementor-heading-title.elementor-size-medium{font-size:19px}.elementor-widget-heading .elementor-heading-title.elementor-size-large{font-size:29px}.elementor-widget-heading .elementor-heading-title.elementor-size-xl{font-size:39px}.elementor-widget-heading .elementor-heading-title.elementor-size-xxl{font-size:59px}<\/style><h2 class=\"elementor-heading-title elementor-size-default\">\u0130\u015fbirli\u011fi yapal\u0131m. Bizimle ileti\u015fime ge\u00e7in ve sosyal medyan\u0131z\u0131 kapsayal\u0131m.<\/h2>\t\t<\/div>\n\t\t\t\t<\/div>\n\t\t\t\t\t<\/div>\n\t\t<\/div>\n\t\t\t\t<div class=\"elementor-column elementor-col-50 elementor-top-column elementor-element elementor-element-4b0373d5\" data-id=\"4b0373d5\" data-element_type=\"column\">\n\t\t\t<div class=\"elementor-widget-wrap elementor-element-populated\">\n\t\t\t\t\t\t\t\t<div class=\"elementor-element elementor-element-acead13 elementor-invisible elementor-widget elementor-widget-text-editor\" data-id=\"acead13\" data-element_type=\"widget\" data-settings=\"{&quot;_animation&quot;:&quot;fadeInRight&quot;}\" data-widget_type=\"text-editor.default\">\n\t\t\t\t<div class=\"elementor-widget-container\">\n\t\t\t<style>\/*! elementor - v3.18.0 - 20-12-2023 *\/\n.elementor-widget-text-editor.elementor-drop-cap-view-stacked .elementor-drop-cap{background-color:#69727d;color:#fff}.elementor-widget-text-editor.elementor-drop-cap-view-framed .elementor-drop-cap{color:#69727d;border:3px solid;background-color:transparent}.elementor-widget-text-editor:not(.elementor-drop-cap-view-default) .elementor-drop-cap{margin-top:8px}.elementor-widget-text-editor:not(.elementor-drop-cap-view-default) .elementor-drop-cap-letter{width:1em;height:1em}.elementor-widget-text-editor .elementor-drop-cap{float:left;text-align:center;line-height:1;font-size:50px}.elementor-widget-text-editor .elementor-drop-cap-letter{display:inline-block}<\/style>\t\t\t\t<p>Sizlerle ileti\u015fim kurmaktan heyecan duyuyoruz. Sorular\u0131n\u0131z\u0131, i\u015fbirli\u011fi tekliflerinizi veya herhangi bir konuyu payla\u015fmak i\u00e7in buraday\u0131z. Bizimle ileti\u015fime ge\u00e7mek i\u00e7in a\u015fa\u011f\u0131daki bilgileri kullanabilirsiniz. Size en k\u0131sa s\u00fcrede yan\u0131t verece\u011fiz.<\/p>\t\t\t\t\t\t<\/div>\n\t\t\t\t<\/div>\n\t\t\t\t<div class=\"elementor-element elementor-element-549dec92 elementor-invisible elementor-widget elementor-widget-heading\" data-id=\"549dec92\" data-element_type=\"widget\" data-settings=\"{&quot;_animation&quot;:&quot;fadeInRight&quot;}\" data-widget_type=\"heading.default\">\n\t\t\t\t<div class=\"elementor-widget-container\">\n\t\t\t<h6 class=\"elementor-heading-title elementor-size-default\">B\u0130Z\u0130MLE \u0130LET\u0130\u015e\u0130ME GE\u00c7\u0130N!<\/h6>\t\t<\/div>\n\t\t\t\t<\/div>\n\t\t\t\t<div class=\"elementor-element elementor-element-7bf8450c elementor-align-left elementor-list-item-link-inline elementor-widget-mobile__width-inherit elementor-widget-tablet__width-inherit elementor-icon-list--layout-traditional elementor-invisible elementor-widget elementor-widget-icon-list\" data-id=\"7bf8450c\" data-element_type=\"widget\" data-settings=\"{&quot;_animation&quot;:&quot;fadeInUp&quot;}\" data-widget_type=\"icon-list.default\">\n\t\t\t\t<div class=\"elementor-widget-container\">\n\t\t\t<link rel=\"stylesheet\" href=\"https:\/\/momentumdijitalmedya.com\/wp-content\/uploads\/elementor\/css\/custom-widget-icon-list.min.css?ver=0\">\t\t<ul class=\"elementor-icon-list-items\">\n\t\t\t\t\t\t\t<li class=\"elementor-icon-list-item\">\n\t\t\t\t\t\t\t\t\t\t\t<a href=\"#\">\n\n\t\t\t\t\t\t\t\t\t\t\t\t<span class=\"elementor-icon-list-icon\">\n\t\t\t\t\t\t\t<i aria-hidden=\"true\" class=\"icon icon-envelope2\"><\/i>\t\t\t\t\t\t<\/span>\n\t\t\t\t\t\t\t\t\t\t<span class=\"elementor-icon-list-text\">bilgi@momentumdijitalmedya.com<\/span>\n\t\t\t\t\t\t\t\t\t\t\t<\/a>\n\t\t\t\t\t\t\t\t\t<\/li>\n\t\t\t\t\t\t\t\t<li class=\"elementor-icon-list-item\">\n\t\t\t\t\t\t\t\t\t\t\t<a href=\"#\">\n\n\t\t\t\t\t\t\t\t\t\t\t\t<span class=\"elementor-icon-list-icon\">\n\t\t\t\t\t\t\t<i aria-hidden=\"true\" class=\"icon icon-map-marker1\"><\/i>\t\t\t\t\t\t<\/span>\n\t\t\t\t\t\t\t\t\t\t<span class=\"elementor-icon-list-text\">K\u0131n\u0131kl\u0131 Mh. H\u00fcseyin Y\u0131lmaz Cd. Pamukkale Teknokent N:67\/2 B Blok Z-03 Pamukkale \/ Denizli<\/span>\n\t\t\t\t\t\t\t\t\t\t\t<\/a>\n\t\t\t\t\t\t\t\t\t<\/li>\n\t\t\t\t\t\t\t\t<li class=\"elementor-icon-list-item\">\n\t\t\t\t\t\t\t\t\t\t\t<a href=\"#\">\n\n\t\t\t\t\t\t\t\t\t\t\t\t<span class=\"elementor-icon-list-icon\">\n\t\t\t\t\t\t\t<i aria-hidden=\"true\" class=\"icon icon-instagram-2\"><\/i>\t\t\t\t\t\t<\/span>\n\t\t\t\t\t\t\t\t\t\t<span class=\"elementor-icon-list-text\">@momentumdijitalmedya<\/span>\n\t\t\t\t\t\t\t\t\t\t\t<\/a>\n\t\t\t\t\t\t\t\t\t<\/li>\n\t\t\t\t\t\t\t\t<li class=\"elementor-icon-list-item\">\n\t\t\t\t\t\t\t\t\t\t\t<a href=\"#\">\n\n\t\t\t\t\t\t\t\t\t\t\t\t<span class=\"elementor-icon-list-icon\">\n\t\t\t\t\t\t\t<i aria-hidden=\"true\" class=\"fas fa-phone-alt\"><\/i>\t\t\t\t\t\t<\/span>\n\t\t\t\t\t\t\t\t\t\t<span class=\"elementor-icon-list-text\">0850 307 20 73<\/span>\n\t\t\t\t\t\t\t\t\t\t\t<\/a>\n\t\t\t\t\t\t\t\t\t<\/li>\n\t\t\t\t\t\t\t\t<li class=\"elementor-icon-list-item\">\n\t\t\t\t\t\t\t\t\t\t\t<a href=\"#\">\n\n\t\t\t\t\t\t\t\t\t\t\t\t<span class=\"elementor-icon-list-icon\">\n\t\t\t\t\t\t\t<i aria-hidden=\"true\" class=\"fas fa-phone-alt\"><\/i>\t\t\t\t\t\t<\/span>\n\t\t\t\t\t\t\t\t\t\t<span class=\"elementor-icon-list-text\">0554 670 45 85<\/span>\n\t\t\t\t\t\t\t\t\t\t\t<\/a>\n\t\t\t\t\t\t\t\t\t<\/li>\n\t\t\t\t\t\t<\/ul>\n\t\t\t\t<\/div>\n\t\t\t\t<\/div>\n\t\t\t\t\t<\/div>\n\t\t<\/div>\n\t\t\t\t\t\t\t<\/div>\n\t\t<\/section>\n\t\t\t\t<section class=\"elementor-section elementor-top-section elementor-element elementor-element-2cb8590b elementor-section-boxed elementor-section-height-default elementor-section-height-default\" data-id=\"2cb8590b\" data-element_type=\"section\">\n\t\t\t\t\t\t<div class=\"elementor-container elementor-column-gap-default\">\n\t\t\t\t\t<div class=\"elementor-column elementor-col-100 elementor-top-column elementor-element elementor-element-714dbe8b\" data-id=\"714dbe8b\" data-element_type=\"column\">\n\t\t\t<div class=\"elementor-widget-wrap elementor-element-populated\">\n\t\t\t\t\t\t\t\t<div class=\"elementor-element elementor-element-6a44b209 elementor-widget elementor-widget-google_maps\" data-id=\"6a44b209\" data-element_type=\"widget\" data-widget_type=\"google_maps.default\">\n\t\t\t\t<div class=\"elementor-widget-container\">\n\t\t\t<style>\/*! elementor - v3.18.0 - 20-12-2023 *\/\n.elementor-widget-google_maps .elementor-widget-container{overflow:hidden}.elementor-widget-google_maps .elementor-custom-embed{line-height:0}.elementor-widget-google_maps iframe{height:300px}<\/style>\t\t<div class=\"elementor-custom-embed\">\n\t\t\t<iframe loading=\"lazy\"\n\t\t\t\t\tsrc=\"https:\/\/maps.google.com\/maps?q=KINIKLI%20MH.%20H%C3%9CSEY%C4%B0N%20YILMAZ%20CD.%20PAMUKKALE%20TEKNOKENT%20N%3A67%2F2%20B%20BLOK%20Z-03%20PAMUKKALE%20%2F%20DEN%C4%B0ZL%C4%B0&#038;t=m&#038;z=14&#038;output=embed&#038;iwloc=near\"\n\t\t\t\t\ttitle=\"KINIKLI MH. H\u00dcSEY\u0130N YILMAZ CD. PAMUKKALE TEKNOKENT N:67\/2 B BLOK Z-03 PAMUKKALE \/ DEN\u0130ZL\u0130\"\n\t\t\t\t\taria-label=\"KINIKLI MH. H\u00dcSEY\u0130N YILMAZ CD. PAMUKKALE TEKNOKENT N:67\/2 B BLOK Z-03 PAMUKKALE \/ DEN\u0130ZL\u0130\"\n\t\t\t><\/iframe>\n\t\t<\/div>\n\t\t\t\t<\/div>\n\t\t\t\t<\/div>\n\t\t\t\t\t<\/div>\n\t\t<\/div>\n\t\t\t\t\t\t\t<\/div>\n\t\t<\/section>\n\t\t\t\t<section class=\"elementor-section elementor-top-section elementor-element elementor-element-63e56cd6 elementor-section-boxed elementor-section-height-default elementor-section-height-default\" data-id=\"63e56cd6\" data-element_type=\"section\">\n\t\t\t\t\t\t<div class=\"elementor-container elementor-column-gap-default\">\n\t\t\t\t\t<div class=\"elementor-column elementor-col-100 elementor-top-column elementor-element elementor-element-443799de\" data-id=\"443799de\" data-element_type=\"column\">\n\t\t\t<div class=\"elementor-widget-wrap\">\n\t\t\t\t\t\t\t\t\t<\/div>\n\t\t<\/div>\n\t\t\t\t\t\t\t<\/div>\n\t\t<\/section>\n\t\t\t\t\t\t\t<\/div>\n\t\t","protected":false},"excerpt":{"rendered":"<p>\u0130\u015fbirli\u011fi yapal\u0131m. Bizimle ileti\u015fime ge\u00e7in ve sosyal medyan\u0131z\u0131 kapsayal\u0131m. Sizlerle ileti\u015fim kurmaktan heyecan duyuyoruz. Sorular\u0131n\u0131z\u0131, i\u015fbirli\u011fi tekliflerinizi veya herhangi bir konuyu payla\u015fmak i\u00e7in buraday\u0131z. Bizimle ileti\u015fime ge\u00e7mek i\u00e7in a\u015fa\u011f\u0131daki bilgileri kullanabilirsiniz. Size en k\u0131sa s\u00fcrede yan\u0131t verece\u011fiz. B\u0130Z\u0130MLE \u0130LET\u0130\u015e\u0130ME GE\u00c7\u0130N! bilgi@momentumdijitalmedya.com K\u0131n\u0131kl\u0131 Mh. H\u00fcseyin Y\u0131lmaz Cd. Pamukkale Teknokent N:67\/2 B Blok Z-03 Pamukkale \/ Denizli [&hellip;]<\/p>\n","protected":false},"author":1,"featured_media":0,"parent":0,"menu_order":0,"comment_status":"closed","ping_status":"closed","template":"elementor_header_footer","meta":{"footnotes":""},"class_list":["post-280","page","type-page","status-publish","hentry"],"yoast_head":"<!-- This site is optimized with the Yoast SEO plugin v21.7 - https:\/\/yoast.com\/wordpress\/plugins\/seo\/ -->\n<title>\u0130leti\u015fim - MomentumSoft Dijital Medya<\/title>\n<meta name=\"robots\" content=\"index, follow, max-snippet:-1, max-image-preview:large, max-video-preview:-1\" \/>\n<link rel=\"canonical\" href=\"https:\/\/momentumdijitalmedya.com\/index.php\/iletisim\/\" \/>\n<meta property=\"og:locale\" content=\"tr_TR\" \/>\n<meta property=\"og:type\" content=\"article\" \/>\n<meta property=\"og:title\" content=\"\u0130leti\u015fim - MomentumSoft Dijital Medya\" \/>\n<meta property=\"og:description\" content=\"\u0130\u015fbirli\u011fi yapal\u0131m. Bizimle ileti\u015fime ge\u00e7in ve sosyal medyan\u0131z\u0131 kapsayal\u0131m. Sizlerle ileti\u015fim kurmaktan heyecan duyuyoruz. Sorular\u0131n\u0131z\u0131, i\u015fbirli\u011fi tekliflerinizi veya herhangi bir konuyu payla\u015fmak i\u00e7in buraday\u0131z. Bizimle ileti\u015fime ge\u00e7mek i\u00e7in a\u015fa\u011f\u0131daki bilgileri kullanabilirsiniz. Size en k\u0131sa s\u00fcrede yan\u0131t verece\u011fiz. B\u0130Z\u0130MLE \u0130LET\u0130\u015e\u0130ME GE\u00c7\u0130N! bilgi@momentumdijitalmedya.com K\u0131n\u0131kl\u0131 Mh. H\u00fcseyin Y\u0131lmaz Cd. Pamukkale Teknokent N:67\/2 B Blok Z-03 Pamukkale \/ Denizli [&hellip;]\" \/>\n<meta property=\"og:url\" content=\"https:\/\/momentumdijitalmedya.com\/index.php\/iletisim\/\" \/>\n<meta property=\"og:site_name\" content=\"MomentumSoft Dijital Medya\" \/>\n<meta property=\"article:modified_time\" content=\"2024-04-24T19:55:57+00:00\" \/>\n<meta name=\"twitter:card\" content=\"summary_large_image\" \/>\n<meta name=\"twitter:label1\" content=\"Tahmini okuma s\u00fcresi\" \/>\n\t<meta name=\"twitter:data1\" content=\"1 dakika\" \/>\n<script type=\"application\/ld+json\" class=\"yoast-schema-graph\">{\"@context\":\"https:\/\/schema.org\",\"@graph\":[{\"@type\":\"WebPage\",\"@id\":\"https:\/\/momentumdijitalmedya.com\/index.php\/iletisim\/\",\"url\":\"https:\/\/momentumdijitalmedya.com\/index.php\/iletisim\/\",\"name\":\"\u0130leti\u015fim - MomentumSoft Dijital Medya\",\"isPartOf\":{\"@id\":\"https:\/\/momentumdijitalmedya.com\/#website\"},\"datePublished\":\"2023-09-21T11:19:37+00:00\",\"dateModified\":\"2024-04-24T19:55:57+00:00\",\"breadcrumb\":{\"@id\":\"https:\/\/momentumdijitalmedya.com\/index.php\/iletisim\/#breadcrumb\"},\"inLanguage\":\"tr\",\"potentialAction\":[{\"@type\":\"ReadAction\",\"target\":[\"https:\/\/momentumdijitalmedya.com\/index.php\/iletisim\/\"]}]},{\"@type\":\"BreadcrumbList\",\"@id\":\"https:\/\/momentumdijitalmedya.com\/index.php\/iletisim\/#breadcrumb\",\"itemListElement\":[{\"@type\":\"ListItem\",\"position\":1,\"name\":\"Anasayfa\",\"item\":\"https:\/\/momentumdijitalmedya.com\/\"},{\"@type\":\"ListItem\",\"position\":2,\"name\":\"\u0130leti\u015fim\"}]},{\"@type\":\"WebSite\",\"@id\":\"https:\/\/momentumdijitalmedya.com\/#website\",\"url\":\"https:\/\/momentumdijitalmedya.com\/\",\"name\":\"MomentumSoft Dijital Medya\",\"description\":\"\",\"publisher\":{\"@id\":\"https:\/\/momentumdijitalmedya.com\/#organization\"},\"potentialAction\":[{\"@type\":\"SearchAction\",\"target\":{\"@type\":\"EntryPoint\",\"urlTemplate\":\"https:\/\/momentumdijitalmedya.com\/?s={search_term_string}\"},\"query-input\":\"required name=search_term_string\"}],\"inLanguage\":\"tr\"},{\"@type\":\"Organization\",\"@id\":\"https:\/\/momentumdijitalmedya.com\/#organization\",\"name\":\"MomentumSoft Dijital Medya\",\"url\":\"https:\/\/momentumdijitalmedya.com\/\",\"logo\":{\"@type\":\"ImageObject\",\"inLanguage\":\"tr\",\"@id\":\"https:\/\/momentumdijitalmedya.com\/#\/schema\/logo\/image\/\",\"url\":\"https:\/\/momentumdijitalmedya.com\/wp-content\/uploads\/2023\/09\/DijitalMedya-Logo.jpeg\",\"contentUrl\":\"https:\/\/momentumdijitalmedya.com\/wp-content\/uploads\/2023\/09\/DijitalMedya-Logo.jpeg\",\"width\":1600,\"height\":1190,\"caption\":\"MomentumSoft Dijital Medya\"},\"image\":{\"@id\":\"https:\/\/momentumdijitalmedya.com\/#\/schema\/logo\/image\/\"}}]}<\/script>\n<!-- \/ Yoast SEO plugin. -->","yoast_head_json":{"title":"\u0130leti\u015fim - MomentumSoft Dijital Medya","robots":{"index":"index","follow":"follow","max-snippet":"max-snippet:-1","max-image-preview":"max-image-preview:large","max-video-preview":"max-video-preview:-1"},"canonical":"https:\/\/momentumdijitalmedya.com\/index.php\/iletisim\/","og_locale":"tr_TR","og_type":"article","og_title":"\u0130leti\u015fim - MomentumSoft Dijital Medya","og_description":"\u0130\u015fbirli\u011fi yapal\u0131m. Bizimle ileti\u015fime ge\u00e7in ve sosyal medyan\u0131z\u0131 kapsayal\u0131m. Sizlerle ileti\u015fim kurmaktan heyecan duyuyoruz. Sorular\u0131n\u0131z\u0131, i\u015fbirli\u011fi tekliflerinizi veya herhangi bir konuyu payla\u015fmak i\u00e7in buraday\u0131z. Bizimle ileti\u015fime ge\u00e7mek i\u00e7in a\u015fa\u011f\u0131daki bilgileri kullanabilirsiniz. Size en k\u0131sa s\u00fcrede yan\u0131t verece\u011fiz. B\u0130Z\u0130MLE \u0130LET\u0130\u015e\u0130ME GE\u00c7\u0130N! bilgi@momentumdijitalmedya.com K\u0131n\u0131kl\u0131 Mh. H\u00fcseyin Y\u0131lmaz Cd. Pamukkale Teknokent N:67\/2 B Blok Z-03 Pamukkale \/ Denizli [&hellip;]","og_url":"https:\/\/momentumdijitalmedya.com\/index.php\/iletisim\/","og_site_name":"MomentumSoft Dijital Medya","article_modified_time":"2024-04-24T19:55:57+00:00","twitter_card":"summary_large_image","twitter_misc":{"Tahmini okuma s\u00fcresi":"1 dakika"},"schema":{"@context":"https:\/\/schema.org","@graph":[{"@type":"WebPage","@id":"https:\/\/momentumdijitalmedya.com\/index.php\/iletisim\/","url":"https:\/\/momentumdijitalmedya.com\/index.php\/iletisim\/","name":"\u0130leti\u015fim - MomentumSoft Dijital Medya","isPartOf":{"@id":"https:\/\/momentumdijitalmedya.com\/#website"},"datePublished":"2023-09-21T11:19:37+00:00","dateModified":"2024-04-24T19:55:57+00:00","breadcrumb":{"@id":"https:\/\/momentumdijitalmedya.com\/index.php\/iletisim\/#breadcrumb"},"inLanguage":"tr","potentialAction":[{"@type":"ReadAction","target":["https:\/\/momentumdijitalmedya.com\/index.php\/iletisim\/"]}]},{"@type":"BreadcrumbList","@id":"https:\/\/momentumdijitalmedya.com\/index.php\/iletisim\/#breadcrumb","itemListElement":[{"@type":"ListItem","position":1,"name":"Anasayfa","item":"https:\/\/momentumdijitalmedya.com\/"},{"@type":"ListItem","position":2,"name":"\u0130leti\u015fim"}]},{"@type":"WebSite","@id":"https:\/\/momentumdijitalmedya.com\/#website","url":"https:\/\/momentumdijitalmedya.com\/","name":"MomentumSoft Dijital Medya","description":"","publisher":{"@id":"https:\/\/momentumdijitalmedya.com\/#organization"},"potentialAction":[{"@type":"SearchAction","target":{"@type":"EntryPoint","urlTemplate":"https:\/\/momentumdijitalmedya.com\/?s={search_term_string}"},"query-input":"required name=search_term_string"}],"inLanguage":"tr"},{"@type":"Organization","@id":"https:\/\/momentumdijitalmedya.com\/#organization","name":"MomentumSoft Dijital Medya","url":"https:\/\/momentumdijitalmedya.com\/","logo":{"@type":"ImageObject","inLanguage":"tr","@id":"https:\/\/momentumdijitalmedya.com\/#\/schema\/logo\/image\/","url":"https:\/\/momentumdijitalmedya.com\/wp-content\/uploads\/2023\/09\/DijitalMedya-Logo.jpeg","contentUrl":"https:\/\/momentumdijitalmedya.com\/wp-content\/uploads\/2023\/09\/DijitalMedya-Logo.jpeg","width":1600,"height":1190,"caption":"MomentumSoft Dijital Medya"},"image":{"@id":"https:\/\/momentumdijitalmedya.com\/#\/schema\/logo\/image\/"}}]}},"_links":{"self":[{"href":"https:\/\/momentumdijitalmedya.com\/index.php\/wp-json\/wp\/v2\/pages\/280","targetHints":{"allow":["GET"]}}],"collection":[{"href":"https:\/\/momentumdijitalmedya.com\/index.php\/wp-json\/wp\/v2\/pages"}],"about":[{"href":"https:\/\/momentumdijitalmedya.com\/index.php\/wp-json\/wp\/v2\/types\/page"}],"author":[{"embeddable":true,"href":"https:\/\/momentumdijitalmedya.com\/index.php\/wp-json\/wp\/v2\/users\/1"}],"replies":[{"embeddable":true,"href":"https:\/\/momentumdijitalmedya.com\/index.php\/wp-json\/wp\/v2\/comments?post=280"}],"version-history":[{"count":40,"href":"https:\/\/momentumdijitalmedya.com\/index.php\/wp-json\/wp\/v2\/pages\/280\/revisions"}],"predecessor-version":[{"id":903,"href":"https:\/\/momentumdijitalmedya.com\/index.php\/wp-json\/wp\/v2\/pages\/280\/revisions\/903"}],"wp:attachment":[{"href":"https:\/\/momentumdijitalmedya.com\/index.php\/wp-json\/wp\/v2\/media?parent=280"}],"curies":[{"name":"wp","href":"https:\/\/api.w.org\/{rel}","templated":true}]}}