{"id":233,"date":"2023-09-18T13:14:34","date_gmt":"2023-09-18T13:14:34","guid":{"rendered":"https:\/\/momentumdijitalmedya.com\/?page_id=233"},"modified":"2023-11-23T12:00:28","modified_gmt":"2023-11-23T12:00:28","slug":"hakkimizda","status":"publish","type":"page","link":"https:\/\/momentumdijitalmedya.com\/index.php\/hakkimizda\/","title":{"rendered":"Hakk\u0131nda"},"content":{"rendered":"\t\t<div data-elementor-type=\"wp-page\" data-elementor-id=\"233\" class=\"elementor elementor-233\">\n\t\t\t\t\t\t\t\t\t<section class=\"elementor-section elementor-top-section elementor-element elementor-element-257c6ccf elementor-section-boxed elementor-section-height-default elementor-section-height-default\" data-id=\"257c6ccf\" data-element_type=\"section\">\n\t\t\t\t\t\t<div class=\"elementor-container elementor-column-gap-default\">\n\t\t\t\t\t<div class=\"elementor-column elementor-col-50 elementor-top-column elementor-element elementor-element-61612350\" data-id=\"61612350\" data-element_type=\"column\">\n\t\t\t<div class=\"elementor-widget-wrap elementor-element-populated\">\n\t\t\t\t\t\t\t\t<div class=\"elementor-element elementor-element-e112d5f elementor-invisible elementor-widget elementor-widget-heading\" data-id=\"e112d5f\" data-element_type=\"widget\" data-settings=\"{&quot;_animation&quot;:&quot;fadeInLeft&quot;}\" data-widget_type=\"heading.default\">\n\t\t\t\t<div class=\"elementor-widget-container\">\n\t\t\t<style>\/*! elementor - v3.18.0 - 20-12-2023 *\/\n.elementor-heading-title{padding:0;margin:0;line-height:1}.elementor-widget-heading .elementor-heading-title[class*=elementor-size-]>a{color:inherit;font-size:inherit;line-height:inherit}.elementor-widget-heading .elementor-heading-title.elementor-size-small{font-size:15px}.elementor-widget-heading .elementor-heading-title.elementor-size-medium{font-size:19px}.elementor-widget-heading .elementor-heading-title.elementor-size-large{font-size:29px}.elementor-widget-heading .elementor-heading-title.elementor-size-xl{font-size:39px}.elementor-widget-heading .elementor-heading-title.elementor-size-xxl{font-size:59px}<\/style><h2 class=\"elementor-heading-title elementor-size-default\">MOMENTUMSOFT B\u0130LG\u0130 TEKNOLOJ\u0130LER\u0130 HAKKINDA<\/h2>\t\t<\/div>\n\t\t\t\t<\/div>\n\t\t\t\t\t<\/div>\n\t\t<\/div>\n\t\t\t\t<div class=\"elementor-column elementor-col-50 elementor-top-column elementor-element elementor-element-650d1967\" data-id=\"650d1967\" data-element_type=\"column\">\n\t\t\t<div class=\"elementor-widget-wrap elementor-element-populated\">\n\t\t\t\t\t\t\t\t<div class=\"elementor-element elementor-element-49a305fa elementor-invisible elementor-widget elementor-widget-text-editor\" data-id=\"49a305fa\" data-element_type=\"widget\" data-settings=\"{&quot;_animation&quot;:&quot;fadeInRight&quot;}\" data-widget_type=\"text-editor.default\">\n\t\t\t\t<div class=\"elementor-widget-container\">\n\t\t\t<style>\/*! elementor - v3.18.0 - 20-12-2023 *\/\n.elementor-widget-text-editor.elementor-drop-cap-view-stacked .elementor-drop-cap{background-color:#69727d;color:#fff}.elementor-widget-text-editor.elementor-drop-cap-view-framed .elementor-drop-cap{color:#69727d;border:3px solid;background-color:transparent}.elementor-widget-text-editor:not(.elementor-drop-cap-view-default) .elementor-drop-cap{margin-top:8px}.elementor-widget-text-editor:not(.elementor-drop-cap-view-default) .elementor-drop-cap-letter{width:1em;height:1em}.elementor-widget-text-editor .elementor-drop-cap{float:left;text-align:center;line-height:1;font-size:50px}.elementor-widget-text-editor .elementor-drop-cap-letter{display:inline-block}<\/style>\t\t\t\t<p>Momentum Soft olarak, di\u015f hekimlerinin ihtiya\u00e7lar\u0131na uzun y\u0131llard\u0131r cevap veriyor ve sekt\u00f6rdeki deneyimimizle sizlere en iyi hizmeti sunmaya devam ediyoruz. Di\u015f hekimlerinin g\u00fcnl\u00fck i\u015flerini daha verimli ve etkili bir \u015fekilde yapmalar\u0131na katk\u0131da bulunarak, sa\u011fl\u0131k sekt\u00f6r\u00fcn\u00fcn en \u00f6nemli oyuncular\u0131ndan biri olarak, sizlerin yan\u0131nday\u0131z.<\/p>\t\t\t\t\t\t<\/div>\n\t\t\t\t<\/div>\n\t\t\t\t<div class=\"elementor-element elementor-element-2ea23ce2 elementor-invisible elementor-widget elementor-widget-qi_addons_for_elementor_button\" data-id=\"2ea23ce2\" data-element_type=\"widget\" data-settings=\"{&quot;_animation&quot;:&quot;fadeInUp&quot;}\" data-widget_type=\"qi_addons_for_elementor_button.default\">\n\t\t\t\t<div class=\"elementor-widget-container\">\n\t\t\t<a class=\"qodef-shortcode qodef-m  qodef-qi-button qodef-html--link qodef-layout--textual    qodef-icon--right qodef-hover--icon-move-horizontal     \" href=\"https:\/\/www.momentumsoft.com.tr\/\" target=\"_self\">\n\t<span class=\"qodef-m-text\">Bilgi al<\/span>\n\t\t<span class=\"qodef-m-icon \">\n\t\t<span class=\"qodef-m-icon-inner\">\n\t\t\t<i aria-hidden=\"true\" class=\"fas fa-chevron-right\"><\/i>\t\t\t\t\t\t\t<i aria-hidden=\"true\" class=\"fas fa-chevron-right\"><\/i>\t\t\t\t\t<\/span>\n\t<\/span>\n<\/a>\n\t\t<\/div>\n\t\t\t\t<\/div>\n\t\t\t\t\t<\/div>\n\t\t<\/div>\n\t\t\t\t\t\t\t<\/div>\n\t\t<\/section>\n\t\t\t\t<section class=\"elementor-section elementor-top-section elementor-element elementor-element-17e778e9 elementor-section-boxed elementor-section-height-default elementor-section-height-default\" data-id=\"17e778e9\" data-element_type=\"section\">\n\t\t\t\t\t\t<div class=\"elementor-container elementor-column-gap-default\">\n\t\t\t\t\t<div class=\"elementor-column elementor-col-50 elementor-top-column elementor-element elementor-element-2cca63d7 elementor-invisible\" data-id=\"2cca63d7\" data-element_type=\"column\" data-settings=\"{&quot;animation&quot;:&quot;fadeIn&quot;}\">\n\t\t\t<div class=\"elementor-widget-wrap elementor-element-populated\">\n\t\t\t\t\t\t\t\t<div class=\"elementor-element elementor-element-5e47bca7 elementor-invisible elementor-widget elementor-widget-image\" data-id=\"5e47bca7\" data-element_type=\"widget\" data-settings=\"{&quot;_animation&quot;:&quot;fadeInLeft&quot;}\" data-widget_type=\"image.default\">\n\t\t\t\t<div class=\"elementor-widget-container\">\n\t\t\t<style>\/*! elementor - v3.18.0 - 20-12-2023 *\/\n.elementor-widget-image{text-align:center}.elementor-widget-image a{display:inline-block}.elementor-widget-image a img[src$=\".svg\"]{width:48px}.elementor-widget-image img{vertical-align:middle;display:inline-block}<\/style>\t\t\t\t\t\t\t\t\t\t\t\t<img fetchpriority=\"high\" decoding=\"async\" width=\"1000\" height=\"1000\" src=\"https:\/\/momentumdijitalmedya.com\/wp-content\/uploads\/2023\/09\/22.jpg\" class=\"attachment-full size-full wp-image-213\" alt=\"\" srcset=\"https:\/\/momentumdijitalmedya.com\/wp-content\/uploads\/2023\/09\/22.jpg 1000w, https:\/\/momentumdijitalmedya.com\/wp-content\/uploads\/2023\/09\/22-300x300.jpg 300w, https:\/\/momentumdijitalmedya.com\/wp-content\/uploads\/2023\/09\/22-150x150.jpg 150w, https:\/\/momentumdijitalmedya.com\/wp-content\/uploads\/2023\/09\/22-768x768.jpg 768w, https:\/\/momentumdijitalmedya.com\/wp-content\/uploads\/2023\/09\/22-650x650.jpg 650w\" sizes=\"(max-width: 1000px) 100vw, 1000px\" \/>\t\t\t\t\t\t\t\t\t\t\t\t\t\t\t<\/div>\n\t\t\t\t<\/div>\n\t\t\t\t<div class=\"elementor-element elementor-element-38849cc3 elementor-position-left elementor-widget__width-initial elementor-absolute elementor-vertical-align-middle elementor-view-default elementor-mobile-position-top elementor-invisible elementor-widget elementor-widget-icon-box\" data-id=\"38849cc3\" data-element_type=\"widget\" data-settings=\"{&quot;_position&quot;:&quot;absolute&quot;,&quot;_animation&quot;:&quot;fadeInUp&quot;}\" data-widget_type=\"icon-box.default\">\n\t\t\t\t<div class=\"elementor-widget-container\">\n\t\t\t<link rel=\"stylesheet\" href=\"https:\/\/momentumdijitalmedya.com\/wp-content\/uploads\/elementor\/css\/custom-widget-icon-box.min.css?ver=0\">\t\t<div class=\"elementor-icon-box-wrapper\">\n\t\t\t\t\t\t<div class=\"elementor-icon-box-icon\">\n\t\t\t\t<span  class=\"elementor-icon elementor-animation-\">\n\t\t\t\t<i aria-hidden=\"true\" class=\"icon icon-rocket-ship\"><\/i>\t\t\t\t<\/span>\n\t\t\t<\/div>\n\t\t\t\t\t\t<div class=\"elementor-icon-box-content\">\n\t\t\t\t<h5 class=\"elementor-icon-box-title\">\n\t\t\t\t\t<span  >\n\t\t\t\t\t\tPerformans\t\t\t\t\t<\/span>\n\t\t\t\t<\/h5>\n\t\t\t\t\t\t\t\t\t<p class=\"elementor-icon-box-description\">\n\t\t\t\t\t\t1.3 Etkile\u015fim\t\t\t\t\t<\/p>\n\t\t\t\t\t\t\t<\/div>\n\t\t<\/div>\n\t\t\t\t<\/div>\n\t\t\t\t<\/div>\n\t\t\t\t\t<\/div>\n\t\t<\/div>\n\t\t\t\t<div class=\"elementor-column elementor-col-50 elementor-top-column elementor-element elementor-element-449ad673\" data-id=\"449ad673\" data-element_type=\"column\">\n\t\t\t<div class=\"elementor-widget-wrap elementor-element-populated\">\n\t\t\t\t\t\t\t\t<div class=\"elementor-element elementor-element-a178bda elementor-invisible elementor-widget elementor-widget-heading\" data-id=\"a178bda\" data-element_type=\"widget\" data-settings=\"{&quot;_animation&quot;:&quot;fadeInRight&quot;}\" data-widget_type=\"heading.default\">\n\t\t\t\t<div class=\"elementor-widget-container\">\n\t\t\t<h2 class=\"elementor-heading-title elementor-size-default\">MomentumSoft Yan\u0131n\u0131zda<\/h2>\t\t<\/div>\n\t\t\t\t<\/div>\n\t\t\t\t<div class=\"elementor-element elementor-element-37a8139c elementor-invisible elementor-widget elementor-widget-text-editor\" data-id=\"37a8139c\" data-element_type=\"widget\" data-settings=\"{&quot;_animation&quot;:&quot;fadeInUp&quot;}\" data-widget_type=\"text-editor.default\">\n\t\t\t\t<div class=\"elementor-widget-container\">\n\t\t\t\t\t\t\t<p>MomentumSoft olarak uzun y\u0131llard\u0131r edindi\u011fimiz deneyim ve kazand\u0131\u011f\u0131m\u0131z tecr\u00fcbelerle, siz de\u011ferli di\u015f hekimleri ve polikliniklerinizin t\u00fcm ihtiya\u00e7lar\u0131na cevap vermek i\u00e7in buraday\u0131z. Klinik yaz\u0131l\u0131m, \u00fcr\u00fcn tedari\u011fi, sosyal medya y\u00f6netimi ve sekt\u00f6rel bilgi birikimimizle, her an\u0131n\u0131zda sizinle birlikteyiz<\/p>\t\t\t\t\t\t<\/div>\n\t\t\t\t<\/div>\n\t\t\t\t<div class=\"elementor-element elementor-element-b8fbe50 elementor-invisible elementor-widget elementor-widget-text-editor\" data-id=\"b8fbe50\" data-element_type=\"widget\" data-settings=\"{&quot;_animation&quot;:&quot;fadeInUp&quot;}\" data-widget_type=\"text-editor.default\">\n\t\t\t\t<div class=\"elementor-widget-container\">\n\t\t\t\t\t\t\t\t\t\t\t\t\t<\/div>\n\t\t\t\t<\/div>\n\t\t\t\t<div class=\"elementor-element elementor-element-da3e1e8 elementor-invisible elementor-widget elementor-widget-qi_addons_for_elementor_button\" data-id=\"da3e1e8\" data-element_type=\"widget\" data-settings=\"{&quot;_animation&quot;:&quot;fadeInUp&quot;}\" data-widget_type=\"qi_addons_for_elementor_button.default\">\n\t\t\t\t<div class=\"elementor-widget-container\">\n\t\t\t<a class=\"qodef-shortcode qodef-m  qodef-qi-button qodef-html--link qodef-layout--textual    qodef-icon--right qodef-hover--icon-move-horizontal     \" href=\"https:\/\/www.momentumsoft.com.tr\/\" target=\"_self\">\n\t<span class=\"qodef-m-text\">Bilgi al<\/span>\n\t\t<span class=\"qodef-m-icon \">\n\t\t<span class=\"qodef-m-icon-inner\">\n\t\t\t<i aria-hidden=\"true\" class=\"fas fa-chevron-right\"><\/i>\t\t\t\t\t\t\t<i aria-hidden=\"true\" class=\"fas fa-chevron-right\"><\/i>\t\t\t\t\t<\/span>\n\t<\/span>\n<\/a>\n\t\t<\/div>\n\t\t\t\t<\/div>\n\t\t\t\t\t<\/div>\n\t\t<\/div>\n\t\t\t\t\t\t\t<\/div>\n\t\t<\/section>\n\t\t\t\t<section class=\"elementor-section elementor-top-section elementor-element elementor-element-24ae30b4 elementor-reverse-tablet elementor-reverse-mobile elementor-section-boxed elementor-section-height-default elementor-section-height-default\" data-id=\"24ae30b4\" data-element_type=\"section\">\n\t\t\t\t\t\t<div class=\"elementor-container elementor-column-gap-default\">\n\t\t\t\t\t<div class=\"elementor-column elementor-col-50 elementor-top-column elementor-element elementor-element-220e2eeb\" data-id=\"220e2eeb\" data-element_type=\"column\">\n\t\t\t<div class=\"elementor-widget-wrap elementor-element-populated\">\n\t\t\t\t\t\t\t\t<div class=\"elementor-element elementor-element-2b28ccbf elementor-invisible elementor-widget elementor-widget-heading\" data-id=\"2b28ccbf\" data-element_type=\"widget\" data-settings=\"{&quot;_animation&quot;:&quot;fadeInLeft&quot;}\" data-widget_type=\"heading.default\">\n\t\t\t\t<div class=\"elementor-widget-container\">\n\t\t\t<h2 class=\"elementor-heading-title elementor-size-default\">MomentumSoft D\u00fcnyas\u0131<\/h2>\t\t<\/div>\n\t\t\t\t<\/div>\n\t\t\t\t<div class=\"elementor-element elementor-element-46bb5e9b elementor-invisible elementor-widget elementor-widget-text-editor\" data-id=\"46bb5e9b\" data-element_type=\"widget\" data-settings=\"{&quot;_animation&quot;:&quot;fadeInUp&quot;}\" data-widget_type=\"text-editor.default\">\n\t\t\t\t<div class=\"elementor-widget-container\">\n\t\t\t\t\t\t\t<p>MomentumSoft olarak Denizli Teknokent&#8217;te uzun y\u0131llard\u0131r faaliyet g\u00f6steriyor ve di\u015f hekimlerine y\u00f6nelik yaz\u0131l\u0131m, dijital medya y\u00f6netimi, \u00fcr\u00fcn tedari\u011fi gibi bir\u00e7ok alanda yarat\u0131c\u0131 \u00e7\u00f6z\u00fcmler sunuyoruz. Sekt\u00f6rdeki b\u00fcy\u00fck oyunculardan biri olarak, \u00f6nceli\u011fimiz her zaman siz de\u011ferli di\u015f hekimleri ve poliklinikleriniz olmu\u015ftur. G\u00fcc\u00fcm\u00fcz\u00fc hem sizlerden hem de Teknokent \u00e7at\u0131s\u0131 alt\u0131ndaki tecr\u00fcbelerimizden alarak hizmetlerimizi s\u00fcrd\u00fcrmekteyiz<\/p>\t\t\t\t\t\t<\/div>\n\t\t\t\t<\/div>\n\t\t\t\t\t<\/div>\n\t\t<\/div>\n\t\t\t\t<div class=\"elementor-column elementor-col-50 elementor-top-column elementor-element elementor-element-72d75a3a elementor-invisible\" data-id=\"72d75a3a\" data-element_type=\"column\" data-settings=\"{&quot;animation&quot;:&quot;fadeIn&quot;}\">\n\t\t\t<div class=\"elementor-widget-wrap elementor-element-populated\">\n\t\t\t\t\t\t\t\t<div class=\"elementor-element elementor-element-70722f70 elementor-invisible elementor-widget elementor-widget-image\" data-id=\"70722f70\" data-element_type=\"widget\" data-settings=\"{&quot;_animation&quot;:&quot;fadeInRight&quot;}\" data-widget_type=\"image.default\">\n\t\t\t\t<div class=\"elementor-widget-container\">\n\t\t\t\t\t\t\t\t\t\t\t\t\t\t\t<img decoding=\"async\" width=\"1000\" height=\"1000\" src=\"https:\/\/momentumdijitalmedya.com\/wp-content\/uploads\/2023\/09\/23.jpg\" class=\"attachment-full size-full wp-image-216\" alt=\"\" srcset=\"https:\/\/momentumdijitalmedya.com\/wp-content\/uploads\/2023\/09\/23.jpg 1000w, https:\/\/momentumdijitalmedya.com\/wp-content\/uploads\/2023\/09\/23-300x300.jpg 300w, https:\/\/momentumdijitalmedya.com\/wp-content\/uploads\/2023\/09\/23-150x150.jpg 150w, https:\/\/momentumdijitalmedya.com\/wp-content\/uploads\/2023\/09\/23-768x768.jpg 768w, https:\/\/momentumdijitalmedya.com\/wp-content\/uploads\/2023\/09\/23-650x650.jpg 650w\" sizes=\"(max-width: 1000px) 100vw, 1000px\" \/>\t\t\t\t\t\t\t\t\t\t\t\t\t\t\t<\/div>\n\t\t\t\t<\/div>\n\t\t\t\t<div class=\"elementor-element elementor-element-f26fca6 elementor-widget__width-initial elementor-absolute elementor-invisible elementor-widget elementor-widget-counter\" data-id=\"f26fca6\" data-element_type=\"widget\" data-settings=\"{&quot;_position&quot;:&quot;absolute&quot;,&quot;_animation&quot;:&quot;fadeInUp&quot;}\" data-widget_type=\"counter.default\">\n\t\t\t\t<div class=\"elementor-widget-container\">\n\t\t\t<style>\/*! elementor - v3.18.0 - 20-12-2023 *\/\n.elementor-counter .elementor-counter-number-wrapper{display:flex;font-size:69px;font-weight:600;line-height:1}.elementor-counter .elementor-counter-number-prefix,.elementor-counter .elementor-counter-number-suffix{flex-grow:1;white-space:pre-wrap}.elementor-counter .elementor-counter-number-prefix{text-align:right}.elementor-counter .elementor-counter-number-suffix{text-align:left}.elementor-counter .elementor-counter-title{text-align:center;font-size:19px;font-weight:400;line-height:2.5}<\/style>\t\t<div class=\"elementor-counter\">\n\t\t\t<div class=\"elementor-counter-number-wrapper\">\n\t\t\t\t<span class=\"elementor-counter-number-prefix\"><\/span>\n\t\t\t\t<span class=\"elementor-counter-number\" data-duration=\"2000\" data-to-value=\"576\" data-from-value=\"0\" data-delimiter=\",\">0<\/span>\n\t\t\t\t<span class=\"elementor-counter-number-suffix\"><\/span>\n\t\t\t<\/div>\n\t\t\t\t\t\t\t<div class=\"elementor-counter-title\">PROJELER<\/div>\n\t\t\t\t\t<\/div>\n\t\t\t\t<\/div>\n\t\t\t\t<\/div>\n\t\t\t\t\t<\/div>\n\t\t<\/div>\n\t\t\t\t\t\t\t<\/div>\n\t\t<\/section>\n\t\t\t\t\t\t\t<\/div>\n\t\t","protected":false},"excerpt":{"rendered":"<p>MOMENTUMSOFT B\u0130LG\u0130 TEKNOLOJ\u0130LER\u0130 HAKKINDA Momentum Soft olarak, di\u015f hekimlerinin ihtiya\u00e7lar\u0131na uzun y\u0131llard\u0131r cevap veriyor ve sekt\u00f6rdeki deneyimimizle sizlere en iyi hizmeti sunmaya devam ediyoruz. Di\u015f hekimlerinin g\u00fcnl\u00fck i\u015flerini daha verimli ve etkili bir \u015fekilde yapmalar\u0131na katk\u0131da bulunarak, sa\u011fl\u0131k sekt\u00f6r\u00fcn\u00fcn en \u00f6nemli oyuncular\u0131ndan biri olarak, sizlerin yan\u0131nday\u0131z. Bilgi al Performans 1.3 Etkile\u015fim MomentumSoft Yan\u0131n\u0131zda MomentumSoft olarak [&hellip;]<\/p>\n","protected":false},"author":1,"featured_media":0,"parent":0,"menu_order":0,"comment_status":"closed","ping_status":"closed","template":"elementor_header_footer","meta":{"footnotes":""},"class_list":["post-233","page","type-page","status-publish","hentry"],"yoast_head":"<!-- This site is optimized with the Yoast SEO plugin v21.7 - https:\/\/yoast.com\/wordpress\/plugins\/seo\/ -->\n<title>Hakk\u0131nda - MomentumSoft Dijital Medya<\/title>\n<meta name=\"robots\" content=\"index, follow, max-snippet:-1, max-image-preview:large, max-video-preview:-1\" \/>\n<link rel=\"canonical\" href=\"https:\/\/momentumdijitalmedya.com\/index.php\/hakkimizda\/\" \/>\n<meta property=\"og:locale\" content=\"tr_TR\" \/>\n<meta property=\"og:type\" content=\"article\" \/>\n<meta property=\"og:title\" content=\"Hakk\u0131nda - MomentumSoft Dijital Medya\" \/>\n<meta property=\"og:description\" content=\"MOMENTUMSOFT B\u0130LG\u0130 TEKNOLOJ\u0130LER\u0130 HAKKINDA Momentum Soft olarak, di\u015f hekimlerinin ihtiya\u00e7lar\u0131na uzun y\u0131llard\u0131r cevap veriyor ve sekt\u00f6rdeki deneyimimizle sizlere en iyi hizmeti sunmaya devam ediyoruz. Di\u015f hekimlerinin g\u00fcnl\u00fck i\u015flerini daha verimli ve etkili bir \u015fekilde yapmalar\u0131na katk\u0131da bulunarak, sa\u011fl\u0131k sekt\u00f6r\u00fcn\u00fcn en \u00f6nemli oyuncular\u0131ndan biri olarak, sizlerin yan\u0131nday\u0131z. Bilgi al Performans 1.3 Etkile\u015fim MomentumSoft Yan\u0131n\u0131zda MomentumSoft olarak [&hellip;]\" \/>\n<meta property=\"og:url\" content=\"https:\/\/momentumdijitalmedya.com\/index.php\/hakkimizda\/\" \/>\n<meta property=\"og:site_name\" content=\"MomentumSoft Dijital Medya\" \/>\n<meta property=\"article:modified_time\" content=\"2023-11-23T12:00:28+00:00\" \/>\n<meta property=\"og:image\" content=\"https:\/\/momentumdijitalmedya.com\/wp-content\/uploads\/2023\/09\/22.jpg\" \/>\n<meta name=\"twitter:card\" content=\"summary_large_image\" \/>\n<meta name=\"twitter:label1\" content=\"Tahmini okuma s\u00fcresi\" \/>\n\t<meta name=\"twitter:data1\" content=\"2 dakika\" \/>\n<script type=\"application\/ld+json\" class=\"yoast-schema-graph\">{\"@context\":\"https:\/\/schema.org\",\"@graph\":[{\"@type\":\"WebPage\",\"@id\":\"https:\/\/momentumdijitalmedya.com\/index.php\/hakkimizda\/\",\"url\":\"https:\/\/momentumdijitalmedya.com\/index.php\/hakkimizda\/\",\"name\":\"Hakk\u0131nda - MomentumSoft Dijital Medya\",\"isPartOf\":{\"@id\":\"https:\/\/momentumdijitalmedya.com\/#website\"},\"datePublished\":\"2023-09-18T13:14:34+00:00\",\"dateModified\":\"2023-11-23T12:00:28+00:00\",\"breadcrumb\":{\"@id\":\"https:\/\/momentumdijitalmedya.com\/index.php\/hakkimizda\/#breadcrumb\"},\"inLanguage\":\"tr\",\"potentialAction\":[{\"@type\":\"ReadAction\",\"target\":[\"https:\/\/momentumdijitalmedya.com\/index.php\/hakkimizda\/\"]}]},{\"@type\":\"BreadcrumbList\",\"@id\":\"https:\/\/momentumdijitalmedya.com\/index.php\/hakkimizda\/#breadcrumb\",\"itemListElement\":[{\"@type\":\"ListItem\",\"position\":1,\"name\":\"Anasayfa\",\"item\":\"https:\/\/momentumdijitalmedya.com\/\"},{\"@type\":\"ListItem\",\"position\":2,\"name\":\"Hakk\u0131nda\"}]},{\"@type\":\"WebSite\",\"@id\":\"https:\/\/momentumdijitalmedya.com\/#website\",\"url\":\"https:\/\/momentumdijitalmedya.com\/\",\"name\":\"MomentumSoft Dijital Medya\",\"description\":\"\",\"publisher\":{\"@id\":\"https:\/\/momentumdijitalmedya.com\/#organization\"},\"potentialAction\":[{\"@type\":\"SearchAction\",\"target\":{\"@type\":\"EntryPoint\",\"urlTemplate\":\"https:\/\/momentumdijitalmedya.com\/?s={search_term_string}\"},\"query-input\":\"required name=search_term_string\"}],\"inLanguage\":\"tr\"},{\"@type\":\"Organization\",\"@id\":\"https:\/\/momentumdijitalmedya.com\/#organization\",\"name\":\"MomentumSoft Dijital Medya\",\"url\":\"https:\/\/momentumdijitalmedya.com\/\",\"logo\":{\"@type\":\"ImageObject\",\"inLanguage\":\"tr\",\"@id\":\"https:\/\/momentumdijitalmedya.com\/#\/schema\/logo\/image\/\",\"url\":\"https:\/\/momentumdijitalmedya.com\/wp-content\/uploads\/2023\/09\/DijitalMedya-Logo.jpeg\",\"contentUrl\":\"https:\/\/momentumdijitalmedya.com\/wp-content\/uploads\/2023\/09\/DijitalMedya-Logo.jpeg\",\"width\":1600,\"height\":1190,\"caption\":\"MomentumSoft Dijital Medya\"},\"image\":{\"@id\":\"https:\/\/momentumdijitalmedya.com\/#\/schema\/logo\/image\/\"}}]}<\/script>\n<!-- \/ Yoast SEO plugin. -->","yoast_head_json":{"title":"Hakk\u0131nda - MomentumSoft Dijital Medya","robots":{"index":"index","follow":"follow","max-snippet":"max-snippet:-1","max-image-preview":"max-image-preview:large","max-video-preview":"max-video-preview:-1"},"canonical":"https:\/\/momentumdijitalmedya.com\/index.php\/hakkimizda\/","og_locale":"tr_TR","og_type":"article","og_title":"Hakk\u0131nda - MomentumSoft Dijital Medya","og_description":"MOMENTUMSOFT B\u0130LG\u0130 TEKNOLOJ\u0130LER\u0130 HAKKINDA Momentum Soft olarak, di\u015f hekimlerinin ihtiya\u00e7lar\u0131na uzun y\u0131llard\u0131r cevap veriyor ve sekt\u00f6rdeki deneyimimizle sizlere en iyi hizmeti sunmaya devam ediyoruz. Di\u015f hekimlerinin g\u00fcnl\u00fck i\u015flerini daha verimli ve etkili bir \u015fekilde yapmalar\u0131na katk\u0131da bulunarak, sa\u011fl\u0131k sekt\u00f6r\u00fcn\u00fcn en \u00f6nemli oyuncular\u0131ndan biri olarak, sizlerin yan\u0131nday\u0131z. Bilgi al Performans 1.3 Etkile\u015fim MomentumSoft Yan\u0131n\u0131zda MomentumSoft olarak [&hellip;]","og_url":"https:\/\/momentumdijitalmedya.com\/index.php\/hakkimizda\/","og_site_name":"MomentumSoft Dijital Medya","article_modified_time":"2023-11-23T12:00:28+00:00","og_image":[{"url":"https:\/\/momentumdijitalmedya.com\/wp-content\/uploads\/2023\/09\/22.jpg"}],"twitter_card":"summary_large_image","twitter_misc":{"Tahmini okuma s\u00fcresi":"2 dakika"},"schema":{"@context":"https:\/\/schema.org","@graph":[{"@type":"WebPage","@id":"https:\/\/momentumdijitalmedya.com\/index.php\/hakkimizda\/","url":"https:\/\/momentumdijitalmedya.com\/index.php\/hakkimizda\/","name":"Hakk\u0131nda - MomentumSoft Dijital Medya","isPartOf":{"@id":"https:\/\/momentumdijitalmedya.com\/#website"},"datePublished":"2023-09-18T13:14:34+00:00","dateModified":"2023-11-23T12:00:28+00:00","breadcrumb":{"@id":"https:\/\/momentumdijitalmedya.com\/index.php\/hakkimizda\/#breadcrumb"},"inLanguage":"tr","potentialAction":[{"@type":"ReadAction","target":["https:\/\/momentumdijitalmedya.com\/index.php\/hakkimizda\/"]}]},{"@type":"BreadcrumbList","@id":"https:\/\/momentumdijitalmedya.com\/index.php\/hakkimizda\/#breadcrumb","itemListElement":[{"@type":"ListItem","position":1,"name":"Anasayfa","item":"https:\/\/momentumdijitalmedya.com\/"},{"@type":"ListItem","position":2,"name":"Hakk\u0131nda"}]},{"@type":"WebSite","@id":"https:\/\/momentumdijitalmedya.com\/#website","url":"https:\/\/momentumdijitalmedya.com\/","name":"MomentumSoft Dijital Medya","description":"","publisher":{"@id":"https:\/\/momentumdijitalmedya.com\/#organization"},"potentialAction":[{"@type":"SearchAction","target":{"@type":"EntryPoint","urlTemplate":"https:\/\/momentumdijitalmedya.com\/?s={search_term_string}"},"query-input":"required name=search_term_string"}],"inLanguage":"tr"},{"@type":"Organization","@id":"https:\/\/momentumdijitalmedya.com\/#organization","name":"MomentumSoft Dijital Medya","url":"https:\/\/momentumdijitalmedya.com\/","logo":{"@type":"ImageObject","inLanguage":"tr","@id":"https:\/\/momentumdijitalmedya.com\/#\/schema\/logo\/image\/","url":"https:\/\/momentumdijitalmedya.com\/wp-content\/uploads\/2023\/09\/DijitalMedya-Logo.jpeg","contentUrl":"https:\/\/momentumdijitalmedya.com\/wp-content\/uploads\/2023\/09\/DijitalMedya-Logo.jpeg","width":1600,"height":1190,"caption":"MomentumSoft Dijital Medya"},"image":{"@id":"https:\/\/momentumdijitalmedya.com\/#\/schema\/logo\/image\/"}}]}},"_links":{"self":[{"href":"https:\/\/momentumdijitalmedya.com\/index.php\/wp-json\/wp\/v2\/pages\/233","targetHints":{"allow":["GET"]}}],"collection":[{"href":"https:\/\/momentumdijitalmedya.com\/index.php\/wp-json\/wp\/v2\/pages"}],"about":[{"href":"https:\/\/momentumdijitalmedya.com\/index.php\/wp-json\/wp\/v2\/types\/page"}],"author":[{"embeddable":true,"href":"https:\/\/momentumdijitalmedya.com\/index.php\/wp-json\/wp\/v2\/users\/1"}],"replies":[{"embeddable":true,"href":"https:\/\/momentumdijitalmedya.com\/index.php\/wp-json\/wp\/v2\/comments?post=233"}],"version-history":[{"count":59,"href":"https:\/\/momentumdijitalmedya.com\/index.php\/wp-json\/wp\/v2\/pages\/233\/revisions"}],"predecessor-version":[{"id":889,"href":"https:\/\/momentumdijitalmedya.com\/index.php\/wp-json\/wp\/v2\/pages\/233\/revisions\/889"}],"wp:attachment":[{"href":"https:\/\/momentumdijitalmedya.com\/index.php\/wp-json\/wp\/v2\/media?parent=233"}],"curies":[{"name":"wp","href":"https:\/\/api.w.org\/{rel}","templated":true}]}}